{"id":318,"date":"2023-06-22T07:35:57","date_gmt":"2023-06-22T05:35:57","guid":{"rendered":"https:\/\/www.hanecs.de\/?page_id=318"},"modified":"2026-02-09T11:39:06","modified_gmt":"2026-02-09T10:39:06","slug":"impressum","status":"publish","type":"page","link":"https:\/\/www.hanecs.de\/en\/impressum\/","title":{"rendered":"Imprint"},"content":{"rendered":"<div data-elementor-type=\"wp-page\" data-elementor-id=\"318\" class=\"elementor elementor-318\" data-elementor-post-type=\"page\">\n\t\t\t\t\t\t<section class=\"elementor-section elementor-top-section elementor-element elementor-element-0239084 elementor-section-boxed elementor-section-height-default elementor-section-height-default\" data-id=\"0239084\" data-element_type=\"section\" data-e-type=\"section\" data-settings=\"{&quot;background_background&quot;:&quot;classic&quot;}\">\n\t\t\t\t\t\t\t<div class=\"elementor-background-overlay\"><\/div>\n\t\t\t\t\t\t\t<div class=\"elementor-container elementor-column-gap-default\">\n\t\t\t\t\t<div class=\"elementor-column elementor-col-100 elementor-top-column elementor-element elementor-element-450bf28\" data-id=\"450bf28\" data-element_type=\"column\" data-e-type=\"column\">\n\t\t\t<div class=\"elementor-widget-wrap elementor-element-populated\">\n\t\t\t\t\t\t<div class=\"elementor-element elementor-element-c5d4310 elementor-widget elementor-widget-heading\" data-id=\"c5d4310\" data-element_type=\"widget\" data-e-type=\"widget\" data-widget_type=\"heading.default\">\n\t\t\t\t<div class=\"elementor-widget-container\">\n\t\t\t\t\t<h1 class=\"elementor-heading-title elementor-size-default\">Imprint<\/h1>\t\t\t\t<\/div>\n\t\t\t\t<\/div>\n\t\t\t\t\t<\/div>\n\t\t<\/div>\n\t\t\t\t\t<\/div>\n\t\t<\/section>\n\t\t\t\t<section class=\"elementor-section elementor-top-section elementor-element elementor-element-03aaf70 elementor-section-boxed elementor-section-height-default elementor-section-height-default\" data-id=\"03aaf70\" data-element_type=\"section\" data-e-type=\"section\">\n\t\t\t\t\t\t<div class=\"elementor-container elementor-column-gap-default\">\n\t\t\t\t\t<div class=\"elementor-column elementor-col-100 elementor-top-column elementor-element elementor-element-f113286\" data-id=\"f113286\" data-element_type=\"column\" data-e-type=\"column\">\n\t\t\t<div class=\"elementor-widget-wrap elementor-element-populated\">\n\t\t\t\t\t\t<div class=\"elementor-element elementor-element-08e2d48 elementor-widget elementor-widget-text-editor\" data-id=\"08e2d48\" data-element_type=\"widget\" data-e-type=\"widget\" data-widget_type=\"text-editor.default\">\n\t\t\t\t<div class=\"elementor-widget-container\">\n\t\t\t\t\t\t\t\t\t<p><span style=\"font-weight: 400;\">HANECS GmbH<br \/><\/span><span style=\"font-weight: 400;\">Alfred-Herrhausen-Allee 3-5<br \/><\/span><span style=\"font-weight: 400;\">65760 Eschborn<br \/><\/span><span style=\"font-weight: 400;\">Germany<\/span><\/p><p><span style=\"font-weight: 400;\">Tel.: +49 6196 204 715 0<br \/><\/span><span style=\"font-weight: 400;\">E-Mail: info@hanecs.de<\/span><\/p><p><span style=\"font-weight: 400;\">Commercial Register: Local Court of Frankfurt am Main<br \/><\/span><span style=\"font-weight: 400;\">Registration Number: HRB 109674<br \/><\/span><span style=\"font-weight: 400;\">Managing Directors: Sven H\u00e4nsel, Max Neusser<\/span><\/p><p><span style=\"font-weight: 400;\">VAT identification number: DE313045525<\/span><\/p>\t\t\t\t\t\t\t\t<\/div>\n\t\t\t\t<\/div>\n\t\t\t\t<div class=\"elementor-element elementor-element-c75395a elementor-widget__width-initial elementor-widget elementor-widget-text-editor\" data-id=\"c75395a\" data-element_type=\"widget\" data-e-type=\"widget\" data-widget_type=\"text-editor.default\">\n\t\t\t\t<div class=\"elementor-widget-container\">\n\t\t\t\t\t\t\t\t\t<p class=\"p1\">Software development, consulting, and testing in the automotive sector:<\/p>\n<ul class=\"ul1\">\n<li class=\"li1\">Resource Optimization for Various Embedded Platforms<\/li>\n<li class=\"li1\">Safety concepts for LIDAR, camera, and radar control units (ASIL B)<\/li>\n<li class=\"li1\">Platform development in the area of base software for various control unit platforms up to ASIL-D<\/li>\n<li class=\"li1\">Degradation Concept for LIDAR, Camera, and Radar Control Units (ASIL-B)<\/li>\n<li class=\"li1\">Platform for highly and fully automated driving (ASIL-D)<\/li>\n<li class=\"li1\">Conventional and \u201ebrake-by-wire\u201c braking systems (ASIL-D)<\/li>\n<li class=\"li1\">Steering wheel lock control unit (ASIL-D)<\/li>\n<li class=\"li1\">Foundational Development in Cyber Security for Rear-Axle Steering<\/li>\n<li class=\"li1\">Development of Watchdog and Low-Power Platform Components (ASIL-D)<\/li>\n<\/ul>\n<div><br><\/div>\n<p class=\"p1\"><span class=\"s2\">Consulting and Further Education<\/span><\/p>\n<ul class=\"ul1\">\n<li class=\"li1\">Degradation Concepts for Autonomous Driving<\/li>\n<li class=\"li1\">Autonomous Driving Safety Concepts<\/li>\n<\/ul>\n<div><br><\/div>\n<p class=\"p1\"><span class=\"s2\">Software Development and Testing in Consumer Electronics<\/span><\/p>\n<ul class=\"ul1\">\n<li class=\"li1\">&nbsp;Electric toothbrush<\/li>\n<\/ul>\n<div><br><\/div>\n<p class=\"p1\"><span class=\"s2\">Other software development:<\/span><\/p>\n<ul class=\"ul1\">\n<li class=\"li1\">Agricultural irrigation system<\/li>\n<\/ul>\n<section class=\"elementor-section elementor-top-section elementor-element elementor-element-1cd2d52 elementor-section-boxed elementor-section-height-default elementor-section-height-default animated fadeIn\" data-id=\"1cd2d52\" data-element_type=\"section\" data-settings=\"{&quot;animation&quot;:&quot;fadeIn&quot;}\">\n<div class=\"elementor-container elementor-column-gap-default\">\n<div class=\"elementor-row\">\n<div class=\"elementor-column elementor-col-50 elementor-top-column elementor-element elementor-element-8008505\" data-id=\"8008505\" data-element_type=\"column\">\n<div class=\"elementor-column-wrap elementor-element-populated\">\n<div class=\"elementor-widget-wrap\">\n<div class=\"elementor-element elementor-element-4c5d075 elementor-widget elementor-widget-text-editor animated fadeIn\" data-id=\"4c5d075\" data-element_type=\"widget\" data-settings=\"{&quot;_animation&quot;:&quot;fadeIn&quot;}\" data-widget_type=\"text-editor.default\">\n<div class=\"elementor-widget-container\">\n<div class=\"elementor-text-editor elementor-clearfix\">&nbsp;<\/div>\n<\/div>\n<\/div>\n<\/div>\n<\/div>\n<\/div>\n<\/div>\n<\/div>\n<\/section>\t\t\t\t\t\t\t\t<\/div>\n\t\t\t\t<\/div>\n\t\t\t\t\t<\/div>\n\t\t<\/div>\n\t\t\t\t\t<\/div>\n\t\t<\/section>\n\t\t\t\t<\/div>","protected":false},"excerpt":{"rendered":"<p>Impressum HANECS GmbHAlfred-Herrhausen-Allee 3-565760 EschbornDeutschland Tel.: +49 6196 204 715 0E-Mail: info@hanecs.de Registergericht: Amtsgericht Frankfurt am MainRegisternummer: HRB 109674Gesch\u00e4ftsf\u00fchrer: Sven H\u00e4nsel, Max Neusser Umsatzsteuer-Identifikationsnummer: DE313045525 Softwareentwicklung, Beratung und Test im Automotive Bereich: Ressourcenoptimierung f\u00fcr verschiedene Embedded Plattformen Safety-Konzepte f\u00fcr LIDAR-, Kamera- und Radar-Steuerger\u00e4te (ASIL-B) Plattformentwicklung im Bereich Basis-SW f\u00fcr verschiedene Steuerger\u00e4teplattformen bis ASIL-D Degradationskonzept f\u00fcr [&hellip;]<\/p>\n","protected":false},"author":1,"featured_media":0,"parent":0,"menu_order":0,"comment_status":"closed","ping_status":"closed","template":"","meta":{"footnotes":""},"class_list":["post-318","page","type-page","status-publish","hentry"],"_links":{"self":[{"href":"https:\/\/www.hanecs.de\/en\/wp-json\/wp\/v2\/pages\/318","targetHints":{"allow":["GET"]}}],"collection":[{"href":"https:\/\/www.hanecs.de\/en\/wp-json\/wp\/v2\/pages"}],"about":[{"href":"https:\/\/www.hanecs.de\/en\/wp-json\/wp\/v2\/types\/page"}],"author":[{"embeddable":true,"href":"https:\/\/www.hanecs.de\/en\/wp-json\/wp\/v2\/users\/1"}],"replies":[{"embeddable":true,"href":"https:\/\/www.hanecs.de\/en\/wp-json\/wp\/v2\/comments?post=318"}],"version-history":[{"count":25,"href":"https:\/\/www.hanecs.de\/en\/wp-json\/wp\/v2\/pages\/318\/revisions"}],"predecessor-version":[{"id":1670,"href":"https:\/\/www.hanecs.de\/en\/wp-json\/wp\/v2\/pages\/318\/revisions\/1670"}],"wp:attachment":[{"href":"https:\/\/www.hanecs.de\/en\/wp-json\/wp\/v2\/media?parent=318"}],"curies":[{"name":"wp","href":"https:\/\/api.w.org\/{rel}","templated":true}]}}