{"id":223,"date":"2023-06-14T13:42:01","date_gmt":"2023-06-14T11:42:01","guid":{"rendered":"https:\/\/www.hanecs.de\/?page_id=223"},"modified":"2025-05-14T15:49:57","modified_gmt":"2025-05-14T13:49:57","slug":"ueber-uns","status":"publish","type":"page","link":"https:\/\/www.hanecs.de\/en\/ueber-uns\/","title":{"rendered":"About Us"},"content":{"rendered":"<div data-elementor-type=\"wp-page\" data-elementor-id=\"223\" class=\"elementor elementor-223\" data-elementor-post-type=\"page\">\n\t\t\t\t\t\t<section class=\"elementor-section elementor-top-section elementor-element elementor-element-cbcc65b elementor-section-boxed elementor-section-height-default elementor-section-height-default\" data-id=\"cbcc65b\" data-element_type=\"section\" data-e-type=\"section\" data-settings=\"{&quot;background_background&quot;:&quot;classic&quot;}\">\n\t\t\t\t\t\t\t<div class=\"elementor-background-overlay\"><\/div>\n\t\t\t\t\t\t\t<div class=\"elementor-container elementor-column-gap-default\">\n\t\t\t\t\t<div class=\"elementor-column elementor-col-100 elementor-top-column elementor-element elementor-element-dd1286f\" data-id=\"dd1286f\" data-element_type=\"column\" data-e-type=\"column\">\n\t\t\t<div class=\"elementor-widget-wrap elementor-element-populated\">\n\t\t\t\t\t\t<div class=\"elementor-element elementor-element-b1ab554 elementor-widget elementor-widget-heading\" data-id=\"b1ab554\" data-element_type=\"widget\" data-e-type=\"widget\" data-widget_type=\"heading.default\">\n\t\t\t\t<div class=\"elementor-widget-container\">\n\t\t\t\t\t<h1 class=\"elementor-heading-title elementor-size-default\">About Us<\/h1>\t\t\t\t<\/div>\n\t\t\t\t<\/div>\n\t\t\t\t\t<\/div>\n\t\t<\/div>\n\t\t\t\t\t<\/div>\n\t\t<\/section>\n\t\t\t\t<section class=\"elementor-section elementor-top-section elementor-element elementor-element-6afdff7c elementor-section-boxed elementor-section-height-default elementor-section-height-default\" data-id=\"6afdff7c\" data-element_type=\"section\" data-e-type=\"section\">\n\t\t\t\t\t\t<div class=\"elementor-container elementor-column-gap-default\">\n\t\t\t\t\t<div class=\"elementor-column elementor-col-100 elementor-top-column elementor-element elementor-element-24c6e62d\" data-id=\"24c6e62d\" data-element_type=\"column\" data-e-type=\"column\">\n\t\t\t<div class=\"elementor-widget-wrap elementor-element-populated\">\n\t\t\t\t\t\t<div class=\"elementor-element elementor-element-64a4a310 elementor-widget elementor-widget-heading\" data-id=\"64a4a310\" data-element_type=\"widget\" data-e-type=\"widget\" data-widget_type=\"heading.default\">\n\t\t\t\t<div class=\"elementor-widget-container\">\n\t\t\t\t\t<h6 class=\"elementor-heading-title elementor-size-default\">About Us<\/h6>\t\t\t\t<\/div>\n\t\t\t\t<\/div>\n\t\t\t\t<div class=\"elementor-element elementor-element-3de368d2 elementor-widget elementor-widget-heading\" data-id=\"3de368d2\" data-element_type=\"widget\" data-e-type=\"widget\" data-widget_type=\"heading.default\">\n\t\t\t\t<div class=\"elementor-widget-container\">\n\t\t\t\t\t<h2 class=\"elementor-heading-title elementor-size-default\">Who are we?<\/h2>\t\t\t\t<\/div>\n\t\t\t\t<\/div>\n\t\t\t\t<div class=\"elementor-element elementor-element-63343e83 elementor-widget elementor-widget-text-editor\" data-id=\"63343e83\" data-element_type=\"widget\" data-e-type=\"widget\" data-widget_type=\"text-editor.default\">\n\t\t\t\t<div class=\"elementor-widget-container\">\n\t\t\t\t\t\t\t\t\t<div class=\"page\" title=\"Page 2\"><div class=\"layoutArea\"><div class=\"column\"><p>HANECS GmbH \u2013 A young technology company specializing in software development for intelligent and mobile systems with complex quality and safety requirements.<\/p><p>With over 15 years of experience in software development, we offer a solution for every problem. At HANECS, employees come first because their talents and skills contribute to the company's success.<\/p><\/div><\/div><\/div>\t\t\t\t\t\t\t\t<\/div>\n\t\t\t\t<\/div>\n\t\t\t\t\t<\/div>\n\t\t<\/div>\n\t\t\t\t\t<\/div>\n\t\t<\/section>\n\t\t\t\t<section class=\"elementor-section elementor-top-section elementor-element elementor-element-70317f2d elementor-section-boxed elementor-section-height-default elementor-section-height-default\" data-id=\"70317f2d\" data-element_type=\"section\" data-e-type=\"section\" data-settings=\"{&quot;background_background&quot;:&quot;classic&quot;}\">\n\t\t\t\t\t\t<div class=\"elementor-container elementor-column-gap-default\">\n\t\t\t\t\t<div class=\"elementor-column elementor-col-50 elementor-top-column elementor-element elementor-element-b6d92ea elementor-invisible\" data-id=\"b6d92ea\" data-element_type=\"column\" data-e-type=\"column\" data-settings=\"{&quot;animation&quot;:&quot;fadeInLeft&quot;}\">\n\t\t\t<div class=\"elementor-widget-wrap elementor-element-populated\">\n\t\t\t\t\t\t<div class=\"elementor-element elementor-element-55298d8e elementor-widget elementor-widget-heading\" data-id=\"55298d8e\" data-element_type=\"widget\" data-e-type=\"widget\" data-widget_type=\"heading.default\">\n\t\t\t\t<div class=\"elementor-widget-container\">\n\t\t\t\t\t<h2 class=\"elementor-heading-title elementor-size-default\">CEOs<\/h2>\t\t\t\t<\/div>\n\t\t\t\t<\/div>\n\t\t\t\t<div class=\"elementor-element elementor-element-45805e93 elementor-widget elementor-widget-text-editor\" data-id=\"45805e93\" data-element_type=\"widget\" data-e-type=\"widget\" data-widget_type=\"text-editor.default\">\n\t\t\t\t<div class=\"elementor-widget-container\">\n\t\t\t\t\t\t\t\t\t<p>\u201eWith our over 15 years of experience in software development, we offer a solution for every problem.<\/p><p>At HANECS, employees come first, because they contribute to the company's success with their talents and skills.\u201c<\/p>\t\t\t\t\t\t\t\t<\/div>\n\t\t\t\t<\/div>\n\t\t\t\t\t<\/div>\n\t\t<\/div>\n\t\t\t\t<div class=\"elementor-column elementor-col-50 elementor-top-column elementor-element elementor-element-5d040866\" data-id=\"5d040866\" data-element_type=\"column\" data-e-type=\"column\">\n\t\t\t<div class=\"elementor-widget-wrap elementor-element-populated\">\n\t\t\t\t\t\t<section class=\"elementor-section elementor-inner-section elementor-element elementor-element-567dc521 elementor-section-boxed elementor-section-height-default elementor-section-height-default elementor-invisible\" data-id=\"567dc521\" data-element_type=\"section\" data-e-type=\"section\" data-settings=\"{&quot;animation&quot;:&quot;fadeInRight&quot;}\">\n\t\t\t\t\t\t<div class=\"elementor-container elementor-column-gap-default\">\n\t\t\t\t\t<div class=\"elementor-column elementor-col-50 elementor-inner-column elementor-element elementor-element-2f1cc080\" data-id=\"2f1cc080\" data-element_type=\"column\" data-e-type=\"column\">\n\t\t\t<div class=\"elementor-widget-wrap elementor-element-populated\">\n\t\t\t\t\t\t<div class=\"elementor-element elementor-element-40de24 elementor-widget elementor-widget-elementskit-team\" data-id=\"40de24\" data-element_type=\"widget\" data-e-type=\"widget\" data-widget_type=\"elementskit-team.default\">\n\t\t\t\t<div class=\"elementor-widget-container\">\n\t\t\t\t\t<div class=\"ekit-wid-con\">\n\t\t\t\t\t\t\t <div class=\"image-card-v2\"> \t\t\t\t\t\t\t\t\t\t\t\t\t\t\t\t\t<div class=\"profile-image-card elementor-animation- ekit-team-img ekit-team-style-overlay_details text-center\">\n\n\t\t\t\t\t\t\t\t\t\t\t\t\t<img fetchpriority=\"high\" decoding=\"async\" width=\"2400\" height=\"2400\" src=\"https:\/\/www.hanecs.de\/wp-content\/uploads\/2023\/07\/Foto_Klein.png\" class=\"attachment-full size-full wp-image-767\" alt=\"\" srcset=\"https:\/\/www.hanecs.de\/wp-content\/uploads\/2023\/07\/Foto_Klein.png 2400w, https:\/\/www.hanecs.de\/wp-content\/uploads\/2023\/07\/Foto_Klein-300x300.png 300w, https:\/\/www.hanecs.de\/wp-content\/uploads\/2023\/07\/Foto_Klein-1024x1024.png 1024w, https:\/\/www.hanecs.de\/wp-content\/uploads\/2023\/07\/Foto_Klein-150x150.png 150w, https:\/\/www.hanecs.de\/wp-content\/uploads\/2023\/07\/Foto_Klein-768x768.png 768w, https:\/\/www.hanecs.de\/wp-content\/uploads\/2023\/07\/Foto_Klein-1536x1536.png 1536w, https:\/\/www.hanecs.de\/wp-content\/uploads\/2023\/07\/Foto_Klein-2048x2048.png 2048w\" sizes=\"(max-width: 2400px) 100vw, 2400px\" \/>\t\t\t\t\t\t\t\t\t\t\t\t<div class=\"hover-area\">\n\t\t\t\t\t\t\t<div class=\"profile-body\">\n\t\t\t\t\t\t\t\t<h2 class=\"profile-title\">\n\t\t\t\t\t\t\t\t\t\t\t\t\t\t\t\t\tSven H\u00e4nsel\t\t\t\t\t\t\t\t\t\t\t\t\t\t\t\t<\/h2>\n\t\t\t\t\t\t\t\t<p class=\"profile-designation\">CEO<\/p>\n\t\t\t\t\t\t\t\t\t\t\t\t\t\t\t<\/div>\n\t\t\t\t\t\t\t\t\t\t\t\t\t\t\t<div class=\"profile-footer\">\n\t\t\t\t\t\t\t\t\t<ul class=\"ekit-team-social-list\">\n\t\t\t<li class=\"elementor-repeater-item-640bea5\">\n\t\t\t<a href=\"https:\/\/www.linkedin.com\/in\/sven-h%C3%A4nsel-60178415a\/?originalSubdomain=de\" aria-label=\"LinkedIn\">\n\t\t\t\t<i aria-hidden=\"true\" class=\"icon icon-linkedin\"><\/i>\t\t\t<\/a>\n\t\t<\/li>\n\t<\/ul>\n\t\t\t\t\t\t\t\t<\/div>\n\t\t\t\t\t\t\t\t\t\t\t\t\t<\/div>\n\t\t\t\t\t<\/div>\n\t\t\t\t\t <\/div> \n\t\t\t\t\n\t\t\t\t<\/div>\t\t\t\t<\/div>\n\t\t\t\t<\/div>\n\t\t\t\t\t<\/div>\n\t\t<\/div>\n\t\t\t\t<div class=\"elementor-column elementor-col-50 elementor-inner-column elementor-element elementor-element-731eacc8\" data-id=\"731eacc8\" data-element_type=\"column\" data-e-type=\"column\">\n\t\t\t<div class=\"elementor-widget-wrap elementor-element-populated\">\n\t\t\t\t\t\t<div class=\"elementor-element elementor-element-14f8860a elementor-widget elementor-widget-elementskit-team\" data-id=\"14f8860a\" data-element_type=\"widget\" data-e-type=\"widget\" data-widget_type=\"elementskit-team.default\">\n\t\t\t\t<div class=\"elementor-widget-container\">\n\t\t\t\t\t<div class=\"ekit-wid-con\">\n\t\t\t\t\t\t\t <div class=\"image-card-v2\"> \t\t\t\t\t\t\t\t\t\t\t\t\t\t\t\t\t<div class=\"profile-image-card elementor-animation- ekit-team-img ekit-team-style-overlay_details text-center\">\n\n\t\t\t\t\t\t\t\t\t\t\t\t\t<img decoding=\"async\" width=\"1800\" height=\"1800\" src=\"https:\/\/www.hanecs.de\/wp-content\/uploads\/2023\/07\/Foto_Max_Klein_Kragen.png\" class=\"attachment-full size-full wp-image-765\" alt=\"\" srcset=\"https:\/\/www.hanecs.de\/wp-content\/uploads\/2023\/07\/Foto_Max_Klein_Kragen.png 1800w, https:\/\/www.hanecs.de\/wp-content\/uploads\/2023\/07\/Foto_Max_Klein_Kragen-300x300.png 300w, https:\/\/www.hanecs.de\/wp-content\/uploads\/2023\/07\/Foto_Max_Klein_Kragen-1024x1024.png 1024w, https:\/\/www.hanecs.de\/wp-content\/uploads\/2023\/07\/Foto_Max_Klein_Kragen-150x150.png 150w, https:\/\/www.hanecs.de\/wp-content\/uploads\/2023\/07\/Foto_Max_Klein_Kragen-768x768.png 768w, https:\/\/www.hanecs.de\/wp-content\/uploads\/2023\/07\/Foto_Max_Klein_Kragen-1536x1536.png 1536w\" sizes=\"(max-width: 1800px) 100vw, 1800px\" \/>\t\t\t\t\t\t\t\t\t\t\t\t<div class=\"hover-area\">\n\t\t\t\t\t\t\t<div class=\"profile-body\">\n\t\t\t\t\t\t\t\t<h2 class=\"profile-title\">\n\t\t\t\t\t\t\t\t\t\t\t\t\t\t\t\t\tMax Neusser\t\t\t\t\t\t\t\t\t\t\t\t\t\t\t\t<\/h2>\n\t\t\t\t\t\t\t\t<p class=\"profile-designation\">CEO<\/p>\n\t\t\t\t\t\t\t\t\t\t\t\t\t\t\t<\/div>\n\t\t\t\t\t\t\t\t\t\t\t\t\t\t\t<div class=\"profile-footer\">\n\t\t\t\t\t\t\t\t\t<ul class=\"ekit-team-social-list\">\n\t\t\t<li class=\"elementor-repeater-item-81748c6\">\n\t\t\t<a href=\"https:\/\/www.linkedin.com\/in\/max-neusser-86263815b\/?locale=de_DE\" aria-label=\"LinkedIn\">\n\t\t\t\t<i aria-hidden=\"true\" class=\"icon icon-linkedin\"><\/i>\t\t\t<\/a>\n\t\t<\/li>\n\t<\/ul>\n\t\t\t\t\t\t\t\t<\/div>\n\t\t\t\t\t\t\t\t\t\t\t\t\t<\/div>\n\t\t\t\t\t<\/div>\n\t\t\t\t\t <\/div> \n\t\t\t\t\n\t\t\t\t<\/div>\t\t\t\t<\/div>\n\t\t\t\t<\/div>\n\t\t\t\t\t<\/div>\n\t\t<\/div>\n\t\t\t\t\t<\/div>\n\t\t<\/section>\n\t\t\t\t\t<\/div>\n\t\t<\/div>\n\t\t\t\t\t<\/div>\n\t\t<\/section>\n\t\t\t\t<section class=\"elementor-section elementor-top-section elementor-element elementor-element-23c2525 elementor-section-boxed elementor-section-height-default elementor-section-height-default\" data-id=\"23c2525\" data-element_type=\"section\" data-e-type=\"section\">\n\t\t\t\t\t\t<div class=\"elementor-container elementor-column-gap-default\">\n\t\t\t\t\t<div class=\"elementor-column elementor-col-100 elementor-top-column elementor-element elementor-element-6a8202d\" data-id=\"6a8202d\" data-element_type=\"column\" data-e-type=\"column\">\n\t\t\t<div class=\"elementor-widget-wrap elementor-element-populated\">\n\t\t\t\t\t\t<div class=\"elementor-element elementor-element-853d519 elementor-widget elementor-widget-heading\" data-id=\"853d519\" data-element_type=\"widget\" data-e-type=\"widget\" data-widget_type=\"heading.default\">\n\t\t\t\t<div class=\"elementor-widget-container\">\n\t\t\t\t\t<h6 class=\"elementor-heading-title elementor-size-default\">About Us<\/h6>\t\t\t\t<\/div>\n\t\t\t\t<\/div>\n\t\t\t\t<div class=\"elementor-element elementor-element-ba9eb4a elementor-widget elementor-widget-heading\" data-id=\"ba9eb4a\" data-element_type=\"widget\" data-e-type=\"widget\" data-widget_type=\"heading.default\">\n\t\t\t\t<div class=\"elementor-widget-container\">\n\t\t\t\t\t<h2 class=\"elementor-heading-title elementor-size-default\">OUR CUSTOMERS AND PARTNERS\n<\/h2>\t\t\t\t<\/div>\n\t\t\t\t<\/div>\n\t\t\t\t<div class=\"elementor-element elementor-element-760b6a9 elementor-widget elementor-widget-text-editor\" data-id=\"760b6a9\" data-element_type=\"widget\" data-e-type=\"widget\" data-widget_type=\"text-editor.default\">\n\t\t\t\t<div class=\"elementor-widget-container\">\n\t\t\t\t\t\t\t\t\t<p>Together with our customers, we work on the latest technologies and projects.<br \/>Project references currently in progress or already successfully in series production:<\/p>\t\t\t\t\t\t\t\t<\/div>\n\t\t\t\t<\/div>\n\t\t\t\t\t<\/div>\n\t\t<\/div>\n\t\t\t\t\t<\/div>\n\t\t<\/section>\n\t\t\t\t<section class=\"elementor-section elementor-top-section elementor-element elementor-element-d6415a0 elementor-section-boxed elementor-section-height-default elementor-section-height-default\" data-id=\"d6415a0\" data-element_type=\"section\" data-e-type=\"section\">\n\t\t\t\t\t\t<div class=\"elementor-container elementor-column-gap-default\">\n\t\t\t\t\t<div class=\"elementor-column elementor-col-100 elementor-top-column elementor-element elementor-element-b616916\" data-id=\"b616916\" data-element_type=\"column\" data-e-type=\"column\">\n\t\t\t<div class=\"elementor-widget-wrap elementor-element-populated\">\n\t\t\t\t\t\t<div class=\"elementor-element elementor-element-7439fc2 elementor-widget__width-initial elementor-widget elementor-widget-text-editor\" data-id=\"7439fc2\" data-element_type=\"widget\" data-e-type=\"widget\" data-widget_type=\"text-editor.default\">\n\t\t\t\t<div class=\"elementor-widget-container\">\n\t\t\t\t\t\t\t\t\t<p class=\"p1\">Software development, consulting, and testing in the automotive sector:<\/p>\n<ul class=\"ul1\">\n<li class=\"li1\">Resource Optimization for Various Embedded Platforms<\/li>\n<li class=\"li1\">Safety concepts for LIDAR, camera, and radar control units (ASIL B)<\/li>\n<li class=\"li1\">Platform development in the area of base software for various control unit platforms up to ASIL-D<\/li>\n<li class=\"li1\">Degradation Concept for LIDAR, Camera, and Radar Control Units (ASIL-B)<\/li>\n<li class=\"li1\">Platform for highly and fully automated driving (ASIL-D)<\/li>\n<li class=\"li1\">Conventional and \u201ebrake-by-wire\u201c braking systems (ASIL-D)<\/li>\n<li class=\"li1\">Steering wheel lock control unit (ASIL-D)<\/li>\n<li class=\"li1\">Foundational Development in Cyber Security for Rear-Axle Steering<\/li>\n<li class=\"li1\">Development of Watchdog and Low-Power Platform Components (ASIL-D)<\/li>\n<\/ul>\n<div>&nbsp;<\/div>\n<p class=\"p1\"><span class=\"s2\">Consulting and Further Education<\/span><\/p>\n<ul class=\"ul1\">\n<li class=\"li1\">Degradation Concepts for Autonomous Driving<\/li>\n<li class=\"li1\">Autonomous Driving Safety Concepts<\/li>\n<\/ul>\n<div>&nbsp;<\/div>\n<p class=\"p1\"><span class=\"s2\">Software development and testing in the areas of consumer electronics, smart IoT, and medical technology:<\/span><\/p>\n<ul class=\"ul1\">\n<li class=\"li1\">Electric toothbrush<\/li><li class=\"li1\">Electric shaver<\/li>\n<\/ul>\n<div>&nbsp;<\/div>\n<p class=\"p1\"><span class=\"s2\">Other software development:<\/span><\/p>\n<ul class=\"ul1\">\n<li class=\"li1\">Agricultural irrigation system<\/li>\n<\/ul>\n<section class=\"elementor-section elementor-top-section elementor-element elementor-element-1cd2d52 elementor-section-boxed elementor-section-height-default elementor-section-height-default animated fadeIn\" data-id=\"1cd2d52\" data-element_type=\"section\" data-settings=\"{&quot;animation&quot;:&quot;fadeIn&quot;}\">\n<div class=\"elementor-container elementor-column-gap-default\">\n<div class=\"elementor-row\">\n<div class=\"elementor-column elementor-col-50 elementor-top-column elementor-element elementor-element-8008505\" data-id=\"8008505\" data-element_type=\"column\">\n<div class=\"elementor-column-wrap elementor-element-populated\">\n<div class=\"elementor-widget-wrap\">\n<div class=\"elementor-element elementor-element-4c5d075 elementor-widget elementor-widget-text-editor animated fadeIn\" data-id=\"4c5d075\" data-element_type=\"widget\" data-settings=\"{&quot;_animation&quot;:&quot;fadeIn&quot;}\" data-widget_type=\"text-editor.default\">\n<div class=\"elementor-widget-container\">\n<div class=\"elementor-text-editor elementor-clearfix\">&nbsp;<\/div>\n<\/div>\n<\/div>\n<\/div>\n<\/div>\n<\/div>\n<\/div>\n<\/div>\n<\/section>\t\t\t\t\t\t\t\t<\/div>\n\t\t\t\t<\/div>\n\t\t\t\t<div class=\"elementor-element elementor-element-13f1223 elementor-arrows-position-outside elementor-pagination-position-inside elementor-widget elementor-widget-image-carousel\" data-id=\"13f1223\" data-element_type=\"widget\" data-e-type=\"widget\" data-settings=\"{&quot;slides_to_show&quot;:&quot;4&quot;,&quot;slides_to_scroll&quot;:&quot;2&quot;,&quot;navigation&quot;:&quot;both&quot;,&quot;autoplay&quot;:&quot;yes&quot;,&quot;pause_on_hover&quot;:&quot;yes&quot;,&quot;pause_on_interaction&quot;:&quot;yes&quot;,&quot;autoplay_speed&quot;:5000,&quot;infinite&quot;:&quot;yes&quot;,&quot;speed&quot;:500}\" data-widget_type=\"image-carousel.default\">\n\t\t\t\t<div class=\"elementor-widget-container\">\n\t\t\t\t\t\t\t<div class=\"elementor-image-carousel-wrapper swiper\" role=\"region\" aria-roledescription=\"carousel\" aria-label=\"Image Carousel\" dir=\"ltr\">\n\t\t\t<div class=\"elementor-image-carousel swiper-wrapper\" aria-live=\"off\">\n\t\t\t\t\t\t\t\t<div class=\"swiper-slide\" role=\"group\" aria-roledescription=\"slide\" aria-label=\"1 of 10\"><figure class=\"swiper-slide-inner\"><img decoding=\"async\" class=\"swiper-slide-image\" src=\"https:\/\/www.hanecs.de\/wp-content\/uploads\/2023\/06\/PG.png\" alt=\"PG\" \/><\/figure><\/div><div class=\"swiper-slide\" role=\"group\" aria-roledescription=\"slide\" aria-label=\"2 of 10\"><figure class=\"swiper-slide-inner\"><img decoding=\"async\" class=\"swiper-slide-image\" src=\"https:\/\/www.hanecs.de\/wp-content\/uploads\/2023\/06\/TRW-768x269-1-300x105.jpeg\" alt=\"TRW-768x269\" \/><\/figure><\/div><div class=\"swiper-slide\" role=\"group\" aria-roledescription=\"slide\" aria-label=\"3 of 10\"><figure class=\"swiper-slide-inner\"><img decoding=\"async\" class=\"swiper-slide-image\" src=\"https:\/\/www.hanecs.de\/wp-content\/uploads\/2023\/06\/continental_logo_yellow_srgb_png-data-300x92.png\" alt=\"continental_logo_yellow_srgb_png-data\" \/><\/figure><\/div><div class=\"swiper-slide\" role=\"group\" aria-roledescription=\"slide\" aria-label=\"4 of 10\"><figure class=\"swiper-slide-inner\"><img decoding=\"async\" class=\"swiper-slide-image\" src=\"https:\/\/www.hanecs.de\/wp-content\/uploads\/2023\/06\/aptiv_logo-768x173-1-300x68.png\" alt=\"aptiv_logo-768x173\" \/><\/figure><\/div><div class=\"swiper-slide\" role=\"group\" aria-roledescription=\"slide\" aria-label=\"5 of 10\"><figure class=\"swiper-slide-inner\"><img decoding=\"async\" class=\"swiper-slide-image\" src=\"https:\/\/www.hanecs.de\/wp-content\/uploads\/2023\/06\/Schaeffler_Engineering-300x180.png\" alt=\"Schaeffler_Engineering\" \/><\/figure><\/div><div class=\"swiper-slide\" role=\"group\" aria-roledescription=\"slide\" aria-label=\"6 of 10\"><figure class=\"swiper-slide-inner\"><img decoding=\"async\" class=\"swiper-slide-image\" src=\"https:\/\/www.hanecs.de\/wp-content\/uploads\/2023\/06\/1280px-Magna_logo.svg-768x181-1-300x71.png\" alt=\"1280px-Magna_logo.svg-768x181\" \/><\/figure><\/div><div class=\"swiper-slide\" role=\"group\" aria-roledescription=\"slide\" aria-label=\"7 of 10\"><figure class=\"swiper-slide-inner\"><img decoding=\"async\" class=\"swiper-slide-image\" src=\"https:\/\/www.hanecs.de\/wp-content\/uploads\/2023\/06\/Mercedes-Benz-768x194-1-300x76.png\" alt=\"Mercedes-Benz-768x194\" \/><\/figure><\/div><div class=\"swiper-slide\" role=\"group\" aria-roledescription=\"slide\" aria-label=\"8 of 10\"><figure class=\"swiper-slide-inner\"><img decoding=\"async\" class=\"swiper-slide-image\" src=\"https:\/\/www.hanecs.de\/wp-content\/uploads\/2023\/06\/Molex-768x578-1-300x226.png\" alt=\"Molex-768x578\" \/><\/figure><\/div><div class=\"swiper-slide\" role=\"group\" aria-roledescription=\"slide\" aria-label=\"9 of 10\"><figure class=\"swiper-slide-inner\"><img decoding=\"async\" class=\"swiper-slide-image\" src=\"https:\/\/www.hanecs.de\/wp-content\/uploads\/2023\/06\/quofox_logo-300x72.png\" alt=\"quofox_logo\" \/><\/figure><\/div><div class=\"swiper-slide\" role=\"group\" aria-roledescription=\"slide\" aria-label=\"10 of 10\"><figure class=\"swiper-slide-inner\"><img decoding=\"async\" class=\"swiper-slide-image\" src=\"https:\/\/www.hanecs.de\/wp-content\/uploads\/2023\/06\/AUTOSAR-LOGO-300x31.png\" alt=\"AUTOSAR-LOGO\" \/><\/figure><\/div>\t\t\t<\/div>\n\t\t\t\t\t\t\t\t\t\t\t\t<div class=\"elementor-swiper-button elementor-swiper-button-prev\" role=\"button\" tabindex=\"0\">\n\t\t\t\t\t\t<i aria-hidden=\"true\" class=\"eicon-chevron-left\"><\/i>\t\t\t\t\t<\/div>\n\t\t\t\t\t<div class=\"elementor-swiper-button elementor-swiper-button-next\" role=\"button\" tabindex=\"0\">\n\t\t\t\t\t\t<i aria-hidden=\"true\" class=\"eicon-chevron-right\"><\/i>\t\t\t\t\t<\/div>\n\t\t\t\t\n\t\t\t\t\t\t\t\t\t<div class=\"swiper-pagination\"><\/div>\n\t\t\t\t\t\t\t\t\t<\/div>\n\t\t\t\t\t\t<\/div>\n\t\t\t\t<\/div>\n\t\t\t\t\t<\/div>\n\t\t<\/div>\n\t\t\t\t\t<\/div>\n\t\t<\/section>\n\t\t\t\t<\/div>","protected":false},"excerpt":{"rendered":"<p>\u00dcber uns \u00dcber uns Wer sind wir? HANECS GmbH &#8211; Ein junges Technologieunternehmen, das sich auf die Softwareentwicklung f\u00fcr intelligente und mobile Systeme mit komplexen Qualit\u00e4ts- und Sicherheitsanforderungen spezialisiert hat. Mit unseren mehr als 15 Jahren an Erfahrung in der Softwareentwicklung, bieten wir f\u00fcr jede Problemstellung eine L\u00f6sung. Bei HANECS stehen die Mitarbeiter an erster [&hellip;]<\/p>\n","protected":false},"author":1,"featured_media":0,"parent":0,"menu_order":0,"comment_status":"closed","ping_status":"closed","template":"","meta":{"footnotes":""},"class_list":["post-223","page","type-page","status-publish","hentry"],"_links":{"self":[{"href":"https:\/\/www.hanecs.de\/en\/wp-json\/wp\/v2\/pages\/223","targetHints":{"allow":["GET"]}}],"collection":[{"href":"https:\/\/www.hanecs.de\/en\/wp-json\/wp\/v2\/pages"}],"about":[{"href":"https:\/\/www.hanecs.de\/en\/wp-json\/wp\/v2\/types\/page"}],"author":[{"embeddable":true,"href":"https:\/\/www.hanecs.de\/en\/wp-json\/wp\/v2\/users\/1"}],"replies":[{"embeddable":true,"href":"https:\/\/www.hanecs.de\/en\/wp-json\/wp\/v2\/comments?post=223"}],"version-history":[{"count":283,"href":"https:\/\/www.hanecs.de\/en\/wp-json\/wp\/v2\/pages\/223\/revisions"}],"predecessor-version":[{"id":1497,"href":"https:\/\/www.hanecs.de\/en\/wp-json\/wp\/v2\/pages\/223\/revisions\/1497"}],"wp:attachment":[{"href":"https:\/\/www.hanecs.de\/en\/wp-json\/wp\/v2\/media?parent=223"}],"curies":[{"name":"wp","href":"https:\/\/api.w.org\/{rel}","templated":true}]}}